{"id":44402,"date":"2018-10-27T16:55:03","date_gmt":"2018-10-27T14:55:03","guid":{"rendered":"http:\/\/schneider.musolt.com\/?page_id=44402"},"modified":"2024-06-14T08:27:25","modified_gmt":"2024-06-14T06:27:25","slug":"news-aktuelles","status":"publish","type":"page","link":"https:\/\/buerger-kalkhandel.de\/bg\/news-aktuelles\/","title":{"rendered":"News\/Aktuelles"},"content":{"rendered":"<p>[vc_row content_width=&#8221;grid&#8221;][vc_column][vc_empty_space height=&#8221;20px&#8221;][\/vc_column][\/vc_row][vc_row][vc_column]<div class=\"edgtf-blog-list-holder edgtf-boxes edgtf-three-columns\">\r\n\t<ul class=\"edgtf-blog-list\">\r\n\t<li class=\"edgtf-blog-list-item clearfix\">\r\n\t<div class=\"edgtf-blog-list-item-inner\">\r\n\t\t<div class=\"edgtf-item-image\">\r\n\t\t\t<a href=\"https:\/\/buerger-kalkhandel.de\/bg\/antrag-auf-aufnahme-von-magnesiumhydroxid-in-die-betriebsmittelliste\/\">\r\n\t\t\t\t\t\t\t\t\r\n\t\t\t<\/a>\r\n\t\t<\/div>\r\n\t\t<div class=\"edgtf-item-text-holder\">\r\n\t\t\t<h6 class=\"edgtf-item-title\">\r\n\t\t\t\t<a href=\"https:\/\/buerger-kalkhandel.de\/bg\/antrag-auf-aufnahme-von-magnesiumhydroxid-in-die-betriebsmittelliste\/\" >\r\n\t\t\t\t\tAntrag auf Aufnahme von Magnesiumhydroxid in die Betriebsmittelliste\t\t\t\t<\/a>\r\n\t\t\t<\/h6>\r\n\t\t\t\r\n\t\t\t\r\n\t\t\t\t\t\t\t<div class=\"edgtf-item-info-section\">\r\n\t\t\t\t\t<div class=\"edgtf-post-info-date\">\r\n19. May 2025<\/div><div class=\"edgtf-post-info-category\"><span class=\"edgtf-post-info-category-text\">in <\/span><a href=\"https:\/\/buerger-kalkhandel.de\/bg\/category\/aktuelles\/\" rel=\"category tag\">aktuelles<\/a><\/div><div class=\"edgtf-post-info-comments-holder\"><a class=\"edgtf-post-info-comments\" href=\"https:\/\/buerger-kalkhandel.de\/bg\/antrag-auf-aufnahme-von-magnesiumhydroxid-in-die-betriebsmittelliste\/#respond\" target=\"_self\">0 Comments<\/a><\/div>\t\t\t\t<\/div>\r\n\t\t\t\t\t\t\r\n\t\t\t\t\t\t\t<p class=\"edgtf-excerpt\">&#8230; f\u00fcr den \u00d6kolandbau gem\u00e4\u00df der Verordnung (EU) 2021\/1165 Liebe Kunden, wir haben<\/p>\r\n\t\t\t\r\n\t\t\t<div class=\"edgtf-read-more-holder\">\r\n\t\t\t\t<a class=\"edgtf-read-more-button\" href=\"https:\/\/buerger-kalkhandel.de\/bg\/antrag-auf-aufnahme-von-magnesiumhydroxid-in-die-betriebsmittelliste\/\">READ MORE<span class=\"arrow_right\"><\/span><\/a>\r\n\t\t\t<\/div>\r\n\t\t<\/div>\r\n\t<\/div>\t\r\n<\/li><li class=\"edgtf-blog-list-item clearfix\">\r\n\t<div class=\"edgtf-blog-list-item-inner\">\r\n\t\t<div class=\"edgtf-item-image\">\r\n\t\t\t<a href=\"https:\/\/buerger-kalkhandel.de\/bg\/oidium-und-magnesium\/\">\r\n\t\t\t\t\t\t\t\t\r\n\t\t\t<\/a>\r\n\t\t<\/div>\r\n\t\t<div class=\"edgtf-item-text-holder\">\r\n\t\t\t<h6 class=\"edgtf-item-title\">\r\n\t\t\t\t<a href=\"https:\/\/buerger-kalkhandel.de\/bg\/oidium-und-magnesium\/\" >\r\n\t\t\t\t\tOidium und Magnesium\t\t\t\t<\/a>\r\n\t\t\t<\/h6>\r\n\t\t\t\r\n\t\t\t\r\n\t\t\t\t\t\t\t<div class=\"edgtf-item-info-section\">\r\n\t\t\t\t\t<div class=\"edgtf-post-info-date\">\r\n18. April 2024<\/div><div class=\"edgtf-post-info-category\"><span class=\"edgtf-post-info-category-text\">in <\/span><a href=\"https:\/\/buerger-kalkhandel.de\/bg\/category\/aktuelles\/\" rel=\"category tag\">aktuelles<\/a><\/div><div class=\"edgtf-post-info-comments-holder\"><a class=\"edgtf-post-info-comments\" href=\"https:\/\/buerger-kalkhandel.de\/bg\/oidium-und-magnesium\/#respond\" target=\"_self\">0 Comments<\/a><\/div>\t\t\t\t<\/div>\r\n\t\t\t\t\t\t\r\n\t\t\t\t\t\t\t<p class=\"edgtf-excerpt\">Liebe Fruchtkalk-Kunden, d\u00fcngen Sie JETZT, nach Sonnenuntergang, regelm\u00e4\u00dfig mit Fruchtk<\/p>\r\n\t\t\t\r\n\t\t\t<div class=\"edgtf-read-more-holder\">\r\n\t\t\t\t<a class=\"edgtf-read-more-button\" href=\"https:\/\/buerger-kalkhandel.de\/bg\/oidium-und-magnesium\/\">READ MORE<span class=\"arrow_right\"><\/span><\/a>\r\n\t\t\t<\/div>\r\n\t\t<\/div>\r\n\t<\/div>\t\r\n<\/li><li class=\"edgtf-blog-list-item clearfix\">\r\n\t<div class=\"edgtf-blog-list-item-inner\">\r\n\t\t<div class=\"edgtf-item-image\">\r\n\t\t\t<a href=\"https:\/\/buerger-kalkhandel.de\/bg\/blueten-duengung-mit-fruchtkalk\/\">\r\n\t\t\t\t\t\t\t\t\r\n\t\t\t<\/a>\r\n\t\t<\/div>\r\n\t\t<div class=\"edgtf-item-text-holder\">\r\n\t\t\t<h6 class=\"edgtf-item-title\">\r\n\t\t\t\t<a href=\"https:\/\/buerger-kalkhandel.de\/bg\/blueten-duengung-mit-fruchtkalk\/\" >\r\n\t\t\t\t\tBl\u00fcten-D\u00fcngung mit Fruchtkalk\t\t\t\t<\/a>\r\n\t\t\t<\/h6>\r\n\t\t\t\r\n\t\t\t\r\n\t\t\t\t\t\t\t<div class=\"edgtf-item-info-section\">\r\n\t\t\t\t\t<div class=\"edgtf-post-info-date\">\r\n15. April 2024<\/div><div class=\"edgtf-post-info-category\"><span class=\"edgtf-post-info-category-text\">in <\/span><a href=\"https:\/\/buerger-kalkhandel.de\/bg\/category\/aktuelles\/\" rel=\"category tag\">aktuelles<\/a><\/div><div class=\"edgtf-post-info-comments-holder\"><a class=\"edgtf-post-info-comments\" href=\"https:\/\/buerger-kalkhandel.de\/bg\/blueten-duengung-mit-fruchtkalk\/#respond\" target=\"_self\">0 Comments<\/a><\/div>\t\t\t\t<\/div>\r\n\t\t\t\t\t\t\r\n\t\t\t\t\t\t\t<p class=\"edgtf-excerpt\">Liebe Fruchtkalk-Kunden, d\u00fcngen Sie JETZT, nach Sonnenuntergang, in die Bl\u00fcte mit 20 kg <\/p>\r\n\t\t\t\r\n\t\t\t<div class=\"edgtf-read-more-holder\">\r\n\t\t\t\t<a class=\"edgtf-read-more-button\" href=\"https:\/\/buerger-kalkhandel.de\/bg\/blueten-duengung-mit-fruchtkalk\/\">READ MORE<span class=\"arrow_right\"><\/span><\/a>\r\n\t\t\t<\/div>\r\n\t\t<\/div>\r\n\t<\/div>\t\r\n<\/li><li class=\"edgtf-blog-list-item clearfix\">\r\n\t<div class=\"edgtf-blog-list-item-inner\">\r\n\t\t<div class=\"edgtf-item-image\">\r\n\t\t\t<a href=\"https:\/\/buerger-kalkhandel.de\/bg\/solawi-in-kuernberg-bringt-kalk-und-sulfatschwefel-aus-von-buerger-kalkhandel\/\">\r\n\t\t\t\t\t\t\t\t\r\n\t\t\t<\/a>\r\n\t\t<\/div>\r\n\t\t<div class=\"edgtf-item-text-holder\">\r\n\t\t\t<h6 class=\"edgtf-item-title\">\r\n\t\t\t\t<a href=\"https:\/\/buerger-kalkhandel.de\/bg\/solawi-in-kuernberg-bringt-kalk-und-sulfatschwefel-aus-von-buerger-kalkhandel\/\" >\r\n\t\t\t\t\tSoLaWi in K\u00fcrnberg bringt Kalk und Sulfatschwefel aus von B\u00fcrger Kalkhandel\t\t\t\t<\/a>\r\n\t\t\t<\/h6>\r\n\t\t\t\r\n\t\t\t\r\n\t\t\t\t\t\t\t<div class=\"edgtf-item-info-section\">\r\n\t\t\t\t\t<div class=\"edgtf-post-info-date\">\r\n14. April 2024<\/div><div class=\"edgtf-post-info-category\"><span class=\"edgtf-post-info-category-text\">in <\/span><a href=\"https:\/\/buerger-kalkhandel.de\/bg\/category\/aktuelles\/\" rel=\"category tag\">aktuelles<\/a><\/div><div class=\"edgtf-post-info-comments-holder\"><a class=\"edgtf-post-info-comments\" href=\"https:\/\/buerger-kalkhandel.de\/bg\/solawi-in-kuernberg-bringt-kalk-und-sulfatschwefel-aus-von-buerger-kalkhandel\/#respond\" target=\"_self\">0 Comments<\/a><\/div>\t\t\t\t<\/div>\r\n\t\t\t\t\t\t\r\n\t\t\t\t\t\t\t<p class=\"edgtf-excerpt\">Liebe Fruchtkalk-Kunden, SoLaWi in K\u00fcrnberg bringt unseren Kalk und Sulfatschwefel auf ih<\/p>\r\n\t\t\t\r\n\t\t\t<div class=\"edgtf-read-more-holder\">\r\n\t\t\t\t<a class=\"edgtf-read-more-button\" href=\"https:\/\/buerger-kalkhandel.de\/bg\/solawi-in-kuernberg-bringt-kalk-und-sulfatschwefel-aus-von-buerger-kalkhandel\/\">READ MORE<span class=\"arrow_right\"><\/span><\/a>\r\n\t\t\t<\/div>\r\n\t\t<\/div>\r\n\t<\/div>\t\r\n<\/li><li class=\"edgtf-blog-list-item clearfix\">\r\n\t<div class=\"edgtf-blog-list-item-inner\">\r\n\t\t<div class=\"edgtf-item-image\">\r\n\t\t\t<a href=\"https:\/\/buerger-kalkhandel.de\/bg\/winter-weissanstrich-mit-fruchtkalk\/\">\r\n\t\t\t\t\t\t\t\t\r\n\t\t\t<\/a>\r\n\t\t<\/div>\r\n\t\t<div class=\"edgtf-item-text-holder\">\r\n\t\t\t<h6 class=\"edgtf-item-title\">\r\n\t\t\t\t<a href=\"https:\/\/buerger-kalkhandel.de\/bg\/winter-weissanstrich-mit-fruchtkalk\/\" >\r\n\t\t\t\t\tWinter-Wei\u00dfanstrich mit Fruchtkalk\t\t\t\t<\/a>\r\n\t\t\t<\/h6>\r\n\t\t\t\r\n\t\t\t\r\n\t\t\t\t\t\t\t<div class=\"edgtf-item-info-section\">\r\n\t\t\t\t\t<div class=\"edgtf-post-info-date\">\r\n20. December 2023<\/div><div class=\"edgtf-post-info-category\"><span class=\"edgtf-post-info-category-text\">in <\/span><a href=\"https:\/\/buerger-kalkhandel.de\/bg\/category\/aktuelles\/\" rel=\"category tag\">aktuelles<\/a><\/div><div class=\"edgtf-post-info-comments-holder\"><a class=\"edgtf-post-info-comments\" href=\"https:\/\/buerger-kalkhandel.de\/bg\/winter-weissanstrich-mit-fruchtkalk\/#respond\" target=\"_self\">0 Comments<\/a><\/div>\t\t\t\t<\/div>\r\n\t\t\t\t\t\t\r\n\t\t\t\t\t\t\t<p class=\"edgtf-excerpt\">Liebe Fruchtkalk-Kunden, nichts ist so wichtig wie die Gesundheit! Erst, wenn man krank is<\/p>\r\n\t\t\t\r\n\t\t\t<div class=\"edgtf-read-more-holder\">\r\n\t\t\t\t<a class=\"edgtf-read-more-button\" href=\"https:\/\/buerger-kalkhandel.de\/bg\/winter-weissanstrich-mit-fruchtkalk\/\">READ MORE<span class=\"arrow_right\"><\/span><\/a>\r\n\t\t\t<\/div>\r\n\t\t<\/div>\r\n\t<\/div>\t\r\n<\/li><li class=\"edgtf-blog-list-item clearfix\">\r\n\t<div class=\"edgtf-blog-list-item-inner\">\r\n\t\t<div class=\"edgtf-item-image\">\r\n\t\t\t<a href=\"https:\/\/buerger-kalkhandel.de\/bg\/aktueller-pressespiegel\/\">\r\n\t\t\t\t\t\t\t\t\r\n\t\t\t<\/a>\r\n\t\t<\/div>\r\n\t\t<div class=\"edgtf-item-text-holder\">\r\n\t\t\t<h6 class=\"edgtf-item-title\">\r\n\t\t\t\t<a href=\"https:\/\/buerger-kalkhandel.de\/bg\/aktueller-pressespiegel\/\" >\r\n\t\t\t\t\tAktueller Pressespiegel\t\t\t\t<\/a>\r\n\t\t\t<\/h6>\r\n\t\t\t\r\n\t\t\t\r\n\t\t\t\t\t\t\t<div class=\"edgtf-item-info-section\">\r\n\t\t\t\t\t<div class=\"edgtf-post-info-date\">\r\n17. November 2023<\/div><div class=\"edgtf-post-info-category\"><span class=\"edgtf-post-info-category-text\">in <\/span><a href=\"https:\/\/buerger-kalkhandel.de\/bg\/category\/aktuelles\/\" rel=\"category tag\">aktuelles<\/a><\/div><div class=\"edgtf-post-info-comments-holder\"><a class=\"edgtf-post-info-comments\" href=\"https:\/\/buerger-kalkhandel.de\/bg\/aktueller-pressespiegel\/#respond\" target=\"_self\">0 Comments<\/a><\/div>\t\t\t\t<\/div>\r\n\t\t\t\t\t\t\r\n\t\t\t\t\t\t\t<p class=\"edgtf-excerpt\">Liebe Kunden, Lesen Sie zwei k\u00fcrzlich ver\u00f6ffentlichete Artikel aus der &#8220;Badischen <\/p>\r\n\t\t\t\r\n\t\t\t<div class=\"edgtf-read-more-holder\">\r\n\t\t\t\t<a class=\"edgtf-read-more-button\" href=\"https:\/\/buerger-kalkhandel.de\/bg\/aktueller-pressespiegel\/\">READ MORE<span class=\"arrow_right\"><\/span><\/a>\r\n\t\t\t<\/div>\r\n\t\t<\/div>\r\n\t<\/div>\t\r\n<\/li><li class=\"edgtf-blog-list-item clearfix\">\r\n\t<div class=\"edgtf-blog-list-item-inner\">\r\n\t\t<div class=\"edgtf-item-image\">\r\n\t\t\t<a href=\"https:\/\/buerger-kalkhandel.de\/bg\/fruchtkalk-ist-testsieger\/\">\r\n\t\t\t\t\t\t\t\t\r\n\t\t\t<\/a>\r\n\t\t<\/div>\r\n\t\t<div class=\"edgtf-item-text-holder\">\r\n\t\t\t<h6 class=\"edgtf-item-title\">\r\n\t\t\t\t<a href=\"https:\/\/buerger-kalkhandel.de\/bg\/fruchtkalk-ist-testsieger\/\" >\r\n\t\t\t\t\tFruchtkalk ist Testsieger\t\t\t\t<\/a>\r\n\t\t\t<\/h6>\r\n\t\t\t\r\n\t\t\t\r\n\t\t\t\t\t\t\t<div class=\"edgtf-item-info-section\">\r\n\t\t\t\t\t<div class=\"edgtf-post-info-date\">\r\n29. August 2023<\/div><div class=\"edgtf-post-info-category\"><span class=\"edgtf-post-info-category-text\">in <\/span><a href=\"https:\/\/buerger-kalkhandel.de\/bg\/category\/aktuelles\/\" rel=\"category tag\">aktuelles<\/a><\/div><div class=\"edgtf-post-info-comments-holder\"><a class=\"edgtf-post-info-comments\" href=\"https:\/\/buerger-kalkhandel.de\/bg\/fruchtkalk-ist-testsieger\/#respond\" target=\"_self\">0 Comments<\/a><\/div>\t\t\t\t<\/div>\r\n\t\t\t\t\t\t\r\n\t\t\t\t\t\t\t<p class=\"edgtf-excerpt\">Liebe Fruchtkalk-Kunden, \u201efiMUM Fruchtkalk\u201c ist getestet worden und war Testsieger!! L<\/p>\r\n\t\t\t\r\n\t\t\t<div class=\"edgtf-read-more-holder\">\r\n\t\t\t\t<a class=\"edgtf-read-more-button\" href=\"https:\/\/buerger-kalkhandel.de\/bg\/fruchtkalk-ist-testsieger\/\">READ MORE<span class=\"arrow_right\"><\/span><\/a>\r\n\t\t\t<\/div>\r\n\t\t<\/div>\r\n\t<\/div>\t\r\n<\/li><li class=\"edgtf-blog-list-item clearfix\">\r\n\t<div class=\"edgtf-blog-list-item-inner\">\r\n\t\t<div class=\"edgtf-item-image\">\r\n\t\t\t<a href=\"https:\/\/buerger-kalkhandel.de\/bg\/fruchtkalk-auch-in-oesterreich-erlaubt\/\">\r\n\t\t\t\t\t\t\t\t\r\n\t\t\t<\/a>\r\n\t\t<\/div>\r\n\t\t<div class=\"edgtf-item-text-holder\">\r\n\t\t\t<h6 class=\"edgtf-item-title\">\r\n\t\t\t\t<a href=\"https:\/\/buerger-kalkhandel.de\/bg\/fruchtkalk-auch-in-oesterreich-erlaubt\/\" >\r\n\t\t\t\t\tFruchtkalk auch in \u00d6sterreich erlaubt\t\t\t\t<\/a>\r\n\t\t\t<\/h6>\r\n\t\t\t\r\n\t\t\t\r\n\t\t\t\t\t\t\t<div class=\"edgtf-item-info-section\">\r\n\t\t\t\t\t<div class=\"edgtf-post-info-date\">\r\n26. May 2023<\/div><div class=\"edgtf-post-info-category\"><span class=\"edgtf-post-info-category-text\">in <\/span><a href=\"https:\/\/buerger-kalkhandel.de\/bg\/category\/aktuelles\/\" rel=\"category tag\">aktuelles<\/a><\/div><div class=\"edgtf-post-info-comments-holder\"><a class=\"edgtf-post-info-comments\" href=\"https:\/\/buerger-kalkhandel.de\/bg\/fruchtkalk-auch-in-oesterreich-erlaubt\/#respond\" target=\"_self\">0 Comments<\/a><\/div>\t\t\t\t<\/div>\r\n\t\t\t\t\t\t\r\n\t\t\t\t\t\t\t<p class=\"edgtf-excerpt\">Liebe Fruchtkalk-Kunden, \u201efiMUM Fruchtkalk\u201c ist ein EG-Kalkd\u00fcngemittel, Hydratkalk (a<\/p>\r\n\t\t\t\r\n\t\t\t<div class=\"edgtf-read-more-holder\">\r\n\t\t\t\t<a class=\"edgtf-read-more-button\" href=\"https:\/\/buerger-kalkhandel.de\/bg\/fruchtkalk-auch-in-oesterreich-erlaubt\/\">READ MORE<span class=\"arrow_right\"><\/span><\/a>\r\n\t\t\t<\/div>\r\n\t\t<\/div>\r\n\t<\/div>\t\r\n<\/li><li class=\"edgtf-blog-list-item clearfix\">\r\n\t<div class=\"edgtf-blog-list-item-inner\">\r\n\t\t<div class=\"edgtf-item-image\">\r\n\t\t\t<a href=\"https:\/\/buerger-kalkhandel.de\/bg\/generationswechsel\/\">\r\n\t\t\t\t\t\t\t\t\r\n\t\t\t<\/a>\r\n\t\t<\/div>\r\n\t\t<div class=\"edgtf-item-text-holder\">\r\n\t\t\t<h6 class=\"edgtf-item-title\">\r\n\t\t\t\t<a href=\"https:\/\/buerger-kalkhandel.de\/bg\/generationswechsel\/\" >\r\n\t\t\t\t\tGenerationenwechsel\t\t\t\t<\/a>\r\n\t\t\t<\/h6>\r\n\t\t\t\r\n\t\t\t\r\n\t\t\t\t\t\t\t<div class=\"edgtf-item-info-section\">\r\n\t\t\t\t\t<div class=\"edgtf-post-info-date\">\r\n2. April 2023<\/div><div class=\"edgtf-post-info-category\"><span class=\"edgtf-post-info-category-text\">in <\/span><a href=\"https:\/\/buerger-kalkhandel.de\/bg\/category\/aktuelles\/\" rel=\"category tag\">aktuelles<\/a><\/div><div class=\"edgtf-post-info-comments-holder\"><a class=\"edgtf-post-info-comments\" href=\"https:\/\/buerger-kalkhandel.de\/bg\/generationswechsel\/#respond\" target=\"_self\">0 Comments<\/a><\/div>\t\t\t\t<\/div>\r\n\t\t\t\t\t\t\r\n\t\t\t\t\t\t\t<p class=\"edgtf-excerpt\">Liebe Fruchtkalk-Kunden, zum 01.01.2023 haben meine Eltern Rudi und Gabriele Schneider ihr<\/p>\r\n\t\t\t\r\n\t\t\t<div class=\"edgtf-read-more-holder\">\r\n\t\t\t\t<a class=\"edgtf-read-more-button\" href=\"https:\/\/buerger-kalkhandel.de\/bg\/generationswechsel\/\">READ MORE<span class=\"arrow_right\"><\/span><\/a>\r\n\t\t\t<\/div>\r\n\t\t<\/div>\r\n\t<\/div>\t\r\n<\/li><li class=\"edgtf-blog-list-item clearfix\">\r\n\t<div class=\"edgtf-blog-list-item-inner\">\r\n\t\t<div class=\"edgtf-item-image\">\r\n\t\t\t<a href=\"https:\/\/buerger-kalkhandel.de\/bg\/informationen-zur-fruchtkalk-duengung\/\">\r\n\t\t\t\t\t\t\t\t\r\n\t\t\t<\/a>\r\n\t\t<\/div>\r\n\t\t<div class=\"edgtf-item-text-holder\">\r\n\t\t\t<h6 class=\"edgtf-item-title\">\r\n\t\t\t\t<a href=\"https:\/\/buerger-kalkhandel.de\/bg\/informationen-zur-fruchtkalk-duengung\/\" >\r\n\t\t\t\t\tInformationen zur Fruchtkalk-D\u00fcngung\t\t\t\t<\/a>\r\n\t\t\t<\/h6>\r\n\t\t\t\r\n\t\t\t\r\n\t\t\t\t\t\t\t<div class=\"edgtf-item-info-section\">\r\n\t\t\t\t\t<div class=\"edgtf-post-info-date\">\r\n2. June 2022<\/div><div class=\"edgtf-post-info-category\"><span class=\"edgtf-post-info-category-text\">in <\/span><a href=\"https:\/\/buerger-kalkhandel.de\/bg\/category\/aktuelles\/\" rel=\"category tag\">aktuelles<\/a><\/div><div class=\"edgtf-post-info-comments-holder\"><a class=\"edgtf-post-info-comments\" href=\"https:\/\/buerger-kalkhandel.de\/bg\/informationen-zur-fruchtkalk-duengung\/#respond\" target=\"_self\">0 Comments<\/a><\/div>\t\t\t\t<\/div>\r\n\t\t\t\t\t\t\r\n\t\t\t\t\t\t\t<p class=\"edgtf-excerpt\">Liebe Fruchtkalk-Kunden, immer wieder werden wir mit Vorurteilen und Behauptungen zu unser<\/p>\r\n\t\t\t\r\n\t\t\t<div class=\"edgtf-read-more-holder\">\r\n\t\t\t\t<a class=\"edgtf-read-more-button\" href=\"https:\/\/buerger-kalkhandel.de\/bg\/informationen-zur-fruchtkalk-duengung\/\">READ MORE<span class=\"arrow_right\"><\/span><\/a>\r\n\t\t\t<\/div>\r\n\t\t<\/div>\r\n\t<\/div>\t\r\n<\/li>\t<\/ul>\t\r\n<\/div>\r\n[\/vc_column][\/vc_row][vc_row][vc_column][vc_empty_space height=&#8221;20px&#8221;][\/vc_column][\/vc_row]<\/p>\n","protected":false},"excerpt":{"rendered":"<p>[vc_row content_width=&#8221;grid&#8221;][vc_column][vc_empty_space height=&#8221;20px&#8221;][\/vc_column][\/vc_row][vc_row][vc_column][\/vc_column][\/vc_row][vc_row][vc_column][vc_empty_space height=&#8221;20px&#8221;][\/vc_column][\/vc_row]<\/p>\n","protected":false},"author":1,"featured_media":0,"parent":0,"menu_order":0,"comment_status":"closed","ping_status":"closed","template":"","meta":{"_seopress_robots_primary_cat":"","_seopress_titles_title":"","_seopress_titles_desc":"","_seopress_robots_index":""},"translation":{"provider":"WPGlobus","version":"2.12.2","language":"bg","enabled_languages":["de","gb","fr","it","bg"],"languages":{"de":{"title":true,"content":true,"excerpt":false},"gb":{"title":false,"content":false,"excerpt":false},"fr":{"title":false,"content":false,"excerpt":false},"it":{"title":false,"content":false,"excerpt":false},"bg":{"title":false,"content":false,"excerpt":false}}},"_links":{"self":[{"href":"https:\/\/buerger-kalkhandel.de\/bg\/wp-json\/wp\/v2\/pages\/44402"}],"collection":[{"href":"https:\/\/buerger-kalkhandel.de\/bg\/wp-json\/wp\/v2\/pages"}],"about":[{"href":"https:\/\/buerger-kalkhandel.de\/bg\/wp-json\/wp\/v2\/types\/page"}],"author":[{"embeddable":true,"href":"https:\/\/buerger-kalkhandel.de\/bg\/wp-json\/wp\/v2\/users\/1"}],"replies":[{"embeddable":true,"href":"https:\/\/buerger-kalkhandel.de\/bg\/wp-json\/wp\/v2\/comments?post=44402"}],"version-history":[{"count":7,"href":"https:\/\/buerger-kalkhandel.de\/bg\/wp-json\/wp\/v2\/pages\/44402\/revisions"}],"predecessor-version":[{"id":46216,"href":"https:\/\/buerger-kalkhandel.de\/bg\/wp-json\/wp\/v2\/pages\/44402\/revisions\/46216"}],"wp:attachment":[{"href":"https:\/\/buerger-kalkhandel.de\/bg\/wp-json\/wp\/v2\/media?parent=44402"}],"curies":[{"name":"wp","href":"https:\/\/api.w.org\/{rel}","templated":true}]}}