{"id":44315,"date":"2018-10-19T12:07:10","date_gmt":"2018-10-19T10:07:10","guid":{"rendered":"http:\/\/schneider.musolt.com\/?post_type=product&#038;p=44315"},"modified":"2023-11-17T11:12:49","modified_gmt":"2023-11-17T10:12:49","slug":"agroduenger-80-angefeuchtet-f-grossflaechenstreuer","status":"publish","type":"product","link":"https:\/\/buerger-kalkhandel.de\/bg\/product\/agroduenger-80-angefeuchtet-f-grossflaechenstreuer\/","title":{"rendered":"Agrod\u00fcnger 80, angefeuchtet- f. Gro\u00dffl\u00e4chenstreuer"},"content":{"rendered":"<p>Agrod\u00fcnger 80, angefeuchtet- f. Gro\u00dffl\u00e4chenstreuer<\/p>\n<p>Datenblatt:\u00a0<a href=\"https:\/\/buerger-kalkhandel.de\/downloads\/\" target=\"_blank\" rel=\"noopener noreferrer\">Downloads<\/a><\/p>\n","protected":false},"excerpt":{"rendered":"<p>Agrod\u00fcnger 80, angefeuchtet- f. Gro\u00dffl\u00e4chenstreuer<\/p>\n","protected":false},"featured_media":46144,"template":"","meta":{"_seopress_robots_primary_cat":"none","_seopress_titles_title":"","_seopress_titles_desc":"","_seopress_robots_index":""},"product_cat":[370],"product_tag":[],"translation":{"provider":"WPGlobus","version":"2.12.2","language":"bg","enabled_languages":["de","gb","fr","it","bg"],"languages":{"de":{"title":true,"content":true,"excerpt":true},"gb":{"title":false,"content":false,"excerpt":false},"fr":{"title":false,"content":false,"excerpt":false},"it":{"title":false,"content":false,"excerpt":false},"bg":{"title":false,"content":false,"excerpt":false}}},"_links":{"self":[{"href":"https:\/\/buerger-kalkhandel.de\/bg\/wp-json\/wp\/v2\/product\/44315"}],"collection":[{"href":"https:\/\/buerger-kalkhandel.de\/bg\/wp-json\/wp\/v2\/product"}],"about":[{"href":"https:\/\/buerger-kalkhandel.de\/bg\/wp-json\/wp\/v2\/types\/product"}],"wp:featuredmedia":[{"embeddable":true,"href":"https:\/\/buerger-kalkhandel.de\/bg\/wp-json\/wp\/v2\/media\/46144"}],"wp:attachment":[{"href":"https:\/\/buerger-kalkhandel.de\/bg\/wp-json\/wp\/v2\/media?parent=44315"}],"wp:term":[{"taxonomy":"product_cat","embeddable":true,"href":"https:\/\/buerger-kalkhandel.de\/bg\/wp-json\/wp\/v2\/product_cat?post=44315"},{"taxonomy":"product_tag","embeddable":true,"href":"https:\/\/buerger-kalkhandel.de\/bg\/wp-json\/wp\/v2\/product_tag?post=44315"}],"curies":[{"name":"wp","href":"https:\/\/api.w.org\/{rel}","templated":true}]}}