{"id":44593,"date":"2018-11-13T11:23:42","date_gmt":"2018-11-13T10:23:42","guid":{"rendered":"http:\/\/schneider.musolt.com\/?page_id=44593"},"modified":"2023-02-07T22:01:43","modified_gmt":"2023-02-07T21:01:43","slug":"fimum-fruchtkalk","status":"publish","type":"page","link":"https:\/\/buerger-kalkhandel.de\/fr\/fimum-fruchtkalk\/","title":{"rendered":"fiMUM Fruchtkalk"},"content":{"rendered":"<p>[vc_row content_width=&#8221;grid&#8221; css=&#8221;.vc_custom_1538323776440{padding-top: 56px !important;padding-bottom: 16px !important;}&#8221;][vc_column][vc_empty_space height=&#8221;25px&#8221;][vc_column_text]<\/p>\n<h2>H\u00f6chste Qualit\u00e4t<\/h2>\n<p>[\/vc_column_text][vc_empty_space height=&#8221;25px&#8221;][vc_column_text]<\/p>\n<h4>1000fach praxiserprobt und wissenschaftlich best\u00e4tigt &#8211; Kunden haben kein Problem mit Calcium- und Magnesium-Mangelerscheinungen, alle Pilze\/Bakterien\/Viren, stechende und saugende Insekten und der Kirschessigfliege.<\/h4>\n<p>[\/vc_column_text][vc_empty_space height=&#8221;25px&#8221;][vc_column_text]Alle Produkte werden regelm\u00e4\u00dfig LUFA \u00fcberwacht<\/p>\n<p>&nbsp;<\/p>\n<ul>\n<li>Die Produkte werden von uns als Anwender, mit Wissenschaftlicher Unterst\u00fctzung und Begleitung, f\u00fcr Sie als Anwender hergestellt.<\/li>\n<li>Es ist f\u00fcr uns selbstverst\u00e4ndlich die an Sie verkauften Produkte auch selbst zu verwenden.<\/li>\n<li>Gemeinsam mit unseren Kunden haben wir nun seit unserer Firmengr\u00fcndung 1999 L\u00f6sungen f\u00fcr z.B. Essigstich, Stiell\u00e4hme, Schwimmschichten, Kirschessigfliege (KEF) usw. gefunden<\/li>\n<li>Pilzprobleme und Sp\u00e4tfrostsch\u00e4den in Wein- und Obstbau m\u00fcssen nicht sein, dazu haben wir mit unseren Kunden einen Winterwei\u00dfanstrich entwickelt.<\/li>\n<\/ul>\n<p>&nbsp;<\/p>\n<p>Bei weiterem Informationsbedarf, k\u00f6nnen Sie uns gerne jederzeit kontaktieren.<\/p>\n<p>fiMUM\u00ae -Fruchtkalk\u00ae erf\u00fcllt die Anforderungen als EG-Grundstoff mit Lebensmittelqualit\u00e4t und EG-D\u00fcngemittel-Kalk wird auch als Kalkmilch zum Ansatz von Kupfer-Schwefel-Kalkbr\u00fche verwendet.<\/p>\n<p>&nbsp;<\/p>\n<p><a href=\"https:\/\/buerger-kalkhandel.de\/downloads\/\">&gt;&gt; Datenbl\u00e4tter, Sicherheitsdatenbl\u00e4tter, Konformit\u00e4tserkl\u00e4rungen<\/a>[\/vc_column_text]<div class=\"edgtf-separator-holder clearfix  edgtf-separator-center edgtf-separator-normal\">\r\n\t<div class=\"edgtf-separator\" style=\"border-color: rgba(255,255,255,0.01);margin-top: 36px;margin-bottom: 0px\"><\/div>\r\n<\/div>\r\n<a href=\"https:\/\/buerger-kalkhandel.de\/wp-content\/uploads\/2023\/02\/Was_ist_Fruchtkalk.pdf\" target=\"_blank\" style=\"color: #ffffff;background-color: #333333;border-color: #333333;font-size: 13px;font-weight: 400\" class=\"edgtf-btn edgtf-btn-medium edgtf-btn-solid edgtf-btn-custom-hover-bg edgtf-btn-custom-border-hover edgtf-btn-custom-hover-color edgtf-btn-icon\" data-hover-bg-color=\"#f4605e\" data-hover-color=\"#ffffff\" data-hover-border-color=\"#f4605e\" >\r\n    <span class=\"edgtf-btn-text\">Alles zum Thema Frucktkalk<\/span>\r\n    <span aria-hidden=\"true\" class=\"edgtf-icon-font-elegant arrow_right edgtf-btn-icon-element\" ><\/span><\/a>[\/vc_column][\/vc_row][vc_row][vc_column][vc_empty_space height=&#8221;20px&#8221;][\/vc_column][\/vc_row]<\/p>\n","protected":false},"excerpt":{"rendered":"<p>[vc_row content_width=&#8221;grid&#8221; css=&#8221;.vc_custom_1538323776440{padding-top: 56px !important;padding-bottom: 16px !important;}&#8221;][vc_column][vc_empty_space height=&#8221;25px&#8221;][vc_column_text] H\u00f6chste Qualit\u00e4t [\/vc_column_text][vc_empty_space height=&#8221;25px&#8221;][vc_column_text] 1000fach praxiserprobt und wissenschaftlich best\u00e4tigt &#8211; Kunden haben kein Problem mit Calcium- und Magnesium-Mangelerscheinungen, alle Pilze\/Bakterien\/Viren, stechende und saugende Insekten und der Kirschessigfliege. [\/vc_column_text][vc_empty_space height=&#8221;25px&#8221;][vc_column_text]Alle Produkte werden regelm\u00e4\u00dfig LUFA \u00fcberwacht &nbsp; Die Produkte [&hellip;]<\/p>\n","protected":false},"author":1,"featured_media":0,"parent":0,"menu_order":0,"comment_status":"closed","ping_status":"closed","template":"full-width.php","meta":{"_seopress_robots_primary_cat":"","_seopress_titles_title":"","_seopress_titles_desc":"","_seopress_robots_index":""},"translation":{"provider":"WPGlobus","version":"2.12.2","language":"fr","enabled_languages":["de","gb","fr","it","bg"],"languages":{"de":{"title":true,"content":true,"excerpt":false},"gb":{"title":false,"content":false,"excerpt":false},"fr":{"title":false,"content":false,"excerpt":false},"it":{"title":false,"content":false,"excerpt":false},"bg":{"title":false,"content":false,"excerpt":false}}},"_links":{"self":[{"href":"https:\/\/buerger-kalkhandel.de\/fr\/wp-json\/wp\/v2\/pages\/44593"}],"collection":[{"href":"https:\/\/buerger-kalkhandel.de\/fr\/wp-json\/wp\/v2\/pages"}],"about":[{"href":"https:\/\/buerger-kalkhandel.de\/fr\/wp-json\/wp\/v2\/types\/page"}],"author":[{"embeddable":true,"href":"https:\/\/buerger-kalkhandel.de\/fr\/wp-json\/wp\/v2\/users\/1"}],"replies":[{"embeddable":true,"href":"https:\/\/buerger-kalkhandel.de\/fr\/wp-json\/wp\/v2\/comments?post=44593"}],"version-history":[{"count":3,"href":"https:\/\/buerger-kalkhandel.de\/fr\/wp-json\/wp\/v2\/pages\/44593\/revisions"}],"predecessor-version":[{"id":46041,"href":"https:\/\/buerger-kalkhandel.de\/fr\/wp-json\/wp\/v2\/pages\/44593\/revisions\/46041"}],"wp:attachment":[{"href":"https:\/\/buerger-kalkhandel.de\/fr\/wp-json\/wp\/v2\/media?parent=44593"}],"curies":[{"name":"wp","href":"https:\/\/api.w.org\/{rel}","templated":true}]}}