{"id":44717,"date":"2018-11-13T14:50:48","date_gmt":"2018-11-13T13:50:48","guid":{"rendered":"http:\/\/schneider.musolt.com\/?page_id=44717"},"modified":"2019-12-11T10:11:58","modified_gmt":"2019-12-11T09:11:58","slug":"tierhaltung","status":"publish","type":"page","link":"https:\/\/buerger-kalkhandel.de\/it\/tierhaltung\/","title":{"rendered":"Tierhaltung"},"content":{"rendered":"<p>[vc_row content_width=&#8221;grid&#8221; css=&#8221;.vc_custom_1538323776440{padding-top: 56px !important;padding-bottom: 16px !important;}&#8221;][vc_column width=&#8221;1\/2&#8243;][vc_column_text]<\/p>\n<h2>TIERHALTUNG<\/h2>\n<p>[\/vc_column_text][vc_empty_space height=&#8221;25px&#8221;][vc_column_text]<\/p>\n<h4>Wenn es meinen Tieren gut geht, geht es auch mir gut!<\/h4>\n<p>[\/vc_column_text][vc_empty_space height=&#8221;25px&#8221;][vc_column_text]Unser Bestreben ist, dass es unseren Tieren gut geht. Deshalb f\u00fchren wir L\u00f6sungen f\u00fcr folgende Bereiche:<\/p>\n<ul>\n<li>Bodend\u00fcnger: Denn nur Boden bei dem alles stimmt bringt mir das richtige Futter<\/li>\n<li>Futterkalke: Zur optimalen und richtigen Ern\u00e4hrung<\/li>\n<li>F\u00fcr den Milchbetrieb: Zellgehalt, Klauenprobleme, L\u00f6sung ohne Milchwartezeit!<\/li>\n<li>Hygienekalk mit Schwefel: Nur wo keine Sch\u00e4dlinge bzw. Keime sind, entstehen keine Krankheiten.<\/li>\n<li>G\u00fclle: Sicher jede Schwimmschicht aufl\u00f6sen, mit speziellen Tonmineralen, Kalk und Magnesium,<\/li>\n<li>Geruchsbinder: Insekten, Fliegen, L\u00e4use und Milben kommen damit gar nicht zurecht.<\/li>\n<li>Alles ist 100% D\u00fcnger \u00fcber Mist und G\u00fclle ausgebracht<\/li>\n<li>uvm.<\/li>\n<\/ul>\n<p>Wir beantworten Ihre Fragen und beraten Sie gerne unverbindlich bei Problemen.[\/vc_column_text][\/vc_column][vc_column width=&#8221;1\/2&#8243;][vc_gallery interval=&#8221;3&#8243; images=&#8221;44718,44719,44720,44721&#8243; img_size=&#8221;full&#8221;][\/vc_column][\/vc_row][vc_row][vc_column][vc_empty_space height=&#8221;20px&#8221;][\/vc_column][\/vc_row]<\/p>\n","protected":false},"excerpt":{"rendered":"<p>[vc_row content_width=&#8221;grid&#8221; css=&#8221;.vc_custom_1538323776440{padding-top: 56px !important;padding-bottom: 16px !important;}&#8221;][vc_column width=&#8221;1\/2&#8243;][vc_column_text] TIERHALTUNG [\/vc_column_text][vc_empty_space height=&#8221;25px&#8221;][vc_column_text] Wenn es meinen Tieren gut geht, geht es auch mir gut! [\/vc_column_text][vc_empty_space height=&#8221;25px&#8221;][vc_column_text]Unser Bestreben ist, dass es unseren Tieren gut geht. Deshalb f\u00fchren wir L\u00f6sungen f\u00fcr folgende Bereiche: Bodend\u00fcnger: Denn nur Boden bei dem [&hellip;]<\/p>\n","protected":false},"author":1,"featured_media":0,"parent":0,"menu_order":0,"comment_status":"closed","ping_status":"closed","template":"full-width.php","meta":{"_seopress_robots_primary_cat":"","_seopress_titles_title":"","_seopress_titles_desc":"","_seopress_robots_index":""},"translation":{"provider":"WPGlobus","version":"2.12.2","language":"it","enabled_languages":["de","gb","fr","it","bg"],"languages":{"de":{"title":true,"content":true,"excerpt":false},"gb":{"title":false,"content":false,"excerpt":false},"fr":{"title":false,"content":false,"excerpt":false},"it":{"title":false,"content":false,"excerpt":false},"bg":{"title":false,"content":false,"excerpt":false}}},"_links":{"self":[{"href":"https:\/\/buerger-kalkhandel.de\/it\/wp-json\/wp\/v2\/pages\/44717"}],"collection":[{"href":"https:\/\/buerger-kalkhandel.de\/it\/wp-json\/wp\/v2\/pages"}],"about":[{"href":"https:\/\/buerger-kalkhandel.de\/it\/wp-json\/wp\/v2\/types\/page"}],"author":[{"embeddable":true,"href":"https:\/\/buerger-kalkhandel.de\/it\/wp-json\/wp\/v2\/users\/1"}],"replies":[{"embeddable":true,"href":"https:\/\/buerger-kalkhandel.de\/it\/wp-json\/wp\/v2\/comments?post=44717"}],"version-history":[{"count":0,"href":"https:\/\/buerger-kalkhandel.de\/it\/wp-json\/wp\/v2\/pages\/44717\/revisions"}],"wp:attachment":[{"href":"https:\/\/buerger-kalkhandel.de\/it\/wp-json\/wp\/v2\/media?parent=44717"}],"curies":[{"name":"wp","href":"https:\/\/api.w.org\/{rel}","templated":true}]}}