{"id":45737,"date":"2021-04-15T12:56:09","date_gmt":"2021-04-15T10:56:09","guid":{"rendered":"https:\/\/www.verblasetechnik.de\/cmdm-access-denied\/"},"modified":"2021-04-15T12:56:09","modified_gmt":"2021-04-15T10:56:09","slug":"cmdm-access-denied","status":"publish","type":"page","link":"https:\/\/buerger-kalkhandel.de\/it\/cmdm-access-denied\/","title":{"rendered":"Access denied"},"content":{"rendered":"<p>Sie verf\u00fcgen nicht \u00fcber ausreichende Berechtigungen, um diese Seite zu sehen..<\/p>\n<p><button onclick=\"window.history.back();\">Zur\u00fcck zur vorherigen Seite<\/button><\/p>\n","protected":false},"excerpt":{"rendered":"<p>Sie verf\u00fcgen nicht \u00fcber ausreichende Berechtigungen, um diese Seite zu sehen.. Zur\u00fcck zur vorherigen Seite<\/p>\n","protected":false},"author":1,"featured_media":0,"parent":0,"menu_order":0,"comment_status":"closed","ping_status":"closed","template":"","meta":{"_seopress_robots_primary_cat":"","_seopress_titles_title":"","_seopress_titles_desc":"","_seopress_robots_index":""},"translation":{"provider":"WPGlobus","version":"2.12.2","language":"it","enabled_languages":["de","gb","fr","it","bg"],"languages":{"de":{"title":true,"content":true,"excerpt":false},"gb":{"title":false,"content":false,"excerpt":false},"fr":{"title":false,"content":false,"excerpt":false},"it":{"title":false,"content":false,"excerpt":false},"bg":{"title":false,"content":false,"excerpt":false}}},"_links":{"self":[{"href":"https:\/\/buerger-kalkhandel.de\/it\/wp-json\/wp\/v2\/pages\/45737"}],"collection":[{"href":"https:\/\/buerger-kalkhandel.de\/it\/wp-json\/wp\/v2\/pages"}],"about":[{"href":"https:\/\/buerger-kalkhandel.de\/it\/wp-json\/wp\/v2\/types\/page"}],"author":[{"embeddable":true,"href":"https:\/\/buerger-kalkhandel.de\/it\/wp-json\/wp\/v2\/users\/1"}],"replies":[{"embeddable":true,"href":"https:\/\/buerger-kalkhandel.de\/it\/wp-json\/wp\/v2\/comments?post=45737"}],"version-history":[{"count":0,"href":"https:\/\/buerger-kalkhandel.de\/it\/wp-json\/wp\/v2\/pages\/45737\/revisions"}],"wp:attachment":[{"href":"https:\/\/buerger-kalkhandel.de\/it\/wp-json\/wp\/v2\/media?parent=45737"}],"curies":[{"name":"wp","href":"https:\/\/api.w.org\/{rel}","templated":true}]}}